{"id":24800,"date":"2016-06-17T13:20:45","date_gmt":"2016-06-17T13:20:45","guid":{"rendered":"http:\/\/www.ipbdamata.org.br\/site\/?page_id=24800"},"modified":"2016-06-17T13:54:00","modified_gmt":"2016-06-17T13:54:00","slug":"atividades-semanais","status":"publish","type":"page","link":"https:\/\/ipbdamata.org.br\/site\/atividades-semanais\/","title":{"rendered":"Atividades Semanais"},"content":{"rendered":"<div class=\"push\" style='height:50px'><\/div>\n<div class=\"row \"><div class=\"wpv-grid grid-1-5  wpv-first-level first unextended\" style=\"padding-top:0px;padding-bottom:0px\" id=\"wpv-column-fc28fe02279b66bd8be051484736d655\" ><style scoped>#wpv-expandable-ffc1c353bc493c4e2c03e7001aff2243 .closed{background:#a5ce39;}#wpv-expandable-ffc1c353bc493c4e2c03e7001aff2243 .closed,#wpv-expandable-ffc1c353bc493c4e2c03e7001aff2243 .closed p{color:#fff;}#wpv-expandable-ffc1c353bc493c4e2c03e7001aff2243 .open{background:#efefef;}#wpv-expandable-ffc1c353bc493c4e2c03e7001aff2243 .open,#wpv-expandable-ffc1c353bc493c4e2c03e7001aff2243 .open p{color:#707070;}<\/style>\n<div class=\"services has-more \" id=\"wpv-expandable-ffc1c353bc493c4e2c03e7001aff2243\">\n\t<div class=\"closed services-inside\">\n\t\t<div class=\"services-content-wrapper clearfix\">\n\t\t\t\t\t\t\t<div class=\"image-wrapper\"><span class='icon shortcode theme ' style='font-size:70px !important;color:#ffffff;'>&#58884;<\/span><\/div>\n\t\t\t\n\t\t\t<div class=\"push\" style='height:20px'><\/div>\n<p style=\"text-align: center;\"><span style=\"font-size: 35px;\">DOMINGO<\/span><\/p>\n<div class=\"push\" style='height:20px'><\/div>\n\n\t\t<\/div>\n\t<\/div>\n\t<div class=\"open services-inside\">\n\t\t<div class=\"services-content-wrapper\">\n\t\t\t<div class=\"row\">\n\t\t\t\t\n<strong>09h00<\/strong> \u2013 Culto Matutino<br \/>\n<strong>10h15<\/strong> \u2013 Escola Dominical<br \/>\n<strong>17h00<\/strong> \u2013 Coral<br \/>\n<strong>18h30<\/strong> \u2013 Ora\u00e7\u00e3o<br \/>\n<strong>19h00<\/strong> \u2013 Culto Vespertino<br \/>\n<strong>Santa Ceia:<\/strong> 1\u00ba domingo do m\u00eas<br \/>\n<strong>Marcha das Ofertas: <\/strong>Todos os domingos<br \/>\n\t\t\t<\/div>\n\t\t<\/div>\n\t<\/div>\n<\/div>\n\n<\/div>\n<div class=\"wpv-grid grid-1-5  wpv-first-level unextended\" style=\"padding-top:0px;padding-bottom:0px\" id=\"wpv-column-812de993854ca568141e58797ae02339\" ><style scoped>#wpv-expandable-ca8d8470af6808bd2398e6177ac7bd88 .closed{background:#3e4043;}#wpv-expandable-ca8d8470af6808bd2398e6177ac7bd88 .closed,#wpv-expandable-ca8d8470af6808bd2398e6177ac7bd88 .closed p{color:#bec0c2;}#wpv-expandable-ca8d8470af6808bd2398e6177ac7bd88 .open{background:#efefef;}#wpv-expandable-ca8d8470af6808bd2398e6177ac7bd88 .open,#wpv-expandable-ca8d8470af6808bd2398e6177ac7bd88 .open p{color:#707070;}<\/style>\n<div class=\"services has-more \" id=\"wpv-expandable-ca8d8470af6808bd2398e6177ac7bd88\">\n\t<div class=\"closed services-inside\">\n\t\t<div class=\"services-content-wrapper clearfix\">\n\t\t\t\t\t\t\t<div class=\"image-wrapper\"><span class='icon shortcode theme ' style='font-size:70px !important;color:#ffffff;'>&#58884;<\/span><\/div>\n\t\t\t\n\t\t\t<div class=\"push\" style='height:20px'><\/div>\n<p style=\"text-align: center;\"><span style=\"font-size: 35px;\">TER\u00c7A FEIRA<\/span><\/p>\n<div class=\"push\" style='height:20px'><\/div>\n\n\t\t<\/div>\n\t<\/div>\n\t<div class=\"open services-inside\">\n\t\t<div class=\"services-content-wrapper\">\n\t\t\t<div class=\"row\">\n\t\t\t\t\n<strong>15h00<\/strong> \u2013 Reuni\u00e3o de Ora\u00e7\u00e3o da SAF<br \/>\n<strong>20h00<\/strong> \u2013 Reuni\u00e3o de Ora\u00e7\u00e3o da UPA<br \/>\n\t\t\t<\/div>\n\t\t<\/div>\n\t<\/div>\n<\/div>\n\n<\/div>\n<div class=\"wpv-grid grid-1-5  wpv-first-level unextended\" style=\"padding-top:0px;padding-bottom:0px\" id=\"wpv-column-24923aaa5914a77e3704189f5c95da30\" ><style scoped>#wpv-expandable-a740762d6a61129bb47a75901735fea3 .closed{background:#a5ce39;}#wpv-expandable-a740762d6a61129bb47a75901735fea3 .closed,#wpv-expandable-a740762d6a61129bb47a75901735fea3 .closed p{color:#fff;}#wpv-expandable-a740762d6a61129bb47a75901735fea3 .open{background:#efefef;}#wpv-expandable-a740762d6a61129bb47a75901735fea3 .open,#wpv-expandable-a740762d6a61129bb47a75901735fea3 .open p{color:#707070;}<\/style>\n<div class=\"services has-more \" id=\"wpv-expandable-a740762d6a61129bb47a75901735fea3\">\n\t<div class=\"closed services-inside\">\n\t\t<div class=\"services-content-wrapper clearfix\">\n\t\t\t\t\t\t\t<div class=\"image-wrapper\"><span class='icon shortcode theme ' style='font-size:70px !important;color:#ffffff;'>&#58884;<\/span><\/div>\n\t\t\t\n\t\t\t<div class=\"push\" style='height:20px'><\/div>\n<p style=\"text-align: center;\"><span style=\"font-size: 35px;\">QUARTA FEIRA<\/span><\/p>\n<div class=\"push\" style='height:20px'><\/div>\n\n\t\t<\/div>\n\t<\/div>\n\t<div class=\"open services-inside\">\n\t\t<div class=\"services-content-wrapper\">\n\t\t\t<div class=\"row\">\n\t\t\t\t\n<strong>07h00<\/strong> \u2013 Reuni\u00e3o de Ora\u00e7\u00e3o<br \/>\n<strong>19h30<\/strong> \u2013 Reuni\u00e3o de Ora\u00e7\u00e3o<br \/>\n<strong>20h00<\/strong> \u2013 Culto Doutrin\u00e1rio<br \/>\n\t\t\t<\/div>\n\t\t<\/div>\n\t<\/div>\n<\/div>\n\n<\/div>\n<div class=\"wpv-grid grid-1-5  wpv-first-level unextended\" style=\"padding-top:0px;padding-bottom:0px\" id=\"wpv-column-01ef10694e837425c322131aa70067ca\" ><style scoped>#wpv-expandable-839a3d2a4090bea7541045a3bc9cce0b .closed{background:#3e4043;}#wpv-expandable-839a3d2a4090bea7541045a3bc9cce0b .closed,#wpv-expandable-839a3d2a4090bea7541045a3bc9cce0b .closed p{color:#bec0c2;}#wpv-expandable-839a3d2a4090bea7541045a3bc9cce0b .open{background:#efefef;}#wpv-expandable-839a3d2a4090bea7541045a3bc9cce0b .open,#wpv-expandable-839a3d2a4090bea7541045a3bc9cce0b .open p{color:#707070;}<\/style>\n<div class=\"services has-more \" id=\"wpv-expandable-839a3d2a4090bea7541045a3bc9cce0b\">\n\t<div class=\"closed services-inside\">\n\t\t<div class=\"services-content-wrapper clearfix\">\n\t\t\t\t\t\t\t<div class=\"image-wrapper\"><span class='icon shortcode theme ' style='font-size:70px !important;color:#ffffff;'>&#58884;<\/span><\/div>\n\t\t\t\n\t\t\t <div class=\"push\" style='height:20px'><\/div>\n<p style=\"text-align: center;\"><span style=\"font-size: 35px;\">QUINTA FEIRA<\/span><\/p>\n<div class=\"push\" style='height:20px'><\/div>\n\n\t\t<\/div>\n\t<\/div>\n\t<div class=\"open services-inside\">\n\t\t<div class=\"services-content-wrapper\">\n\t\t\t<div class=\"row\">\n\t\t\t\t\n<strong>20h00<\/strong> \u2013 Grupos Familiares<br \/>\n\t\t\t<\/div>\n\t\t<\/div>\n\t<\/div>\n<\/div>\n\n<\/div>\n<div class=\"wpv-grid grid-1-5  wpv-first-level unextended\" style=\"padding-top:0px;padding-bottom:0px\" id=\"wpv-column-9280af675379f6540a0a64af53f9c581\" ><style scoped>#wpv-expandable-11a66af771be0eb6b22f08965ca63c50 .closed{background:#a5ce39;}#wpv-expandable-11a66af771be0eb6b22f08965ca63c50 .closed,#wpv-expandable-11a66af771be0eb6b22f08965ca63c50 .closed p{color:#fff;}#wpv-expandable-11a66af771be0eb6b22f08965ca63c50 .open{background:#efefef;}#wpv-expandable-11a66af771be0eb6b22f08965ca63c50 .open,#wpv-expandable-11a66af771be0eb6b22f08965ca63c50 .open p{color:#707070;}<\/style>\n<div class=\"services has-more \" id=\"wpv-expandable-11a66af771be0eb6b22f08965ca63c50\">\n\t<div class=\"closed services-inside\">\n\t\t<div class=\"services-content-wrapper clearfix\">\n\t\t\t\t\t\t\t<div class=\"image-wrapper\"><span class='icon shortcode theme ' style='font-size:70px !important;color:#ffffff;'>&#58884;<\/span><\/div>\n\t\t\t\n\t\t\t<div class=\"push\" style='height:20px'><\/div>\n<p style=\"text-align: center;\"><span style=\"font-size: 35px;\">SEXTA FEIRA<\/span><\/p>\n<div class=\"push\" style='height:20px'><\/div>\n\n\t\t<\/div>\n\t<\/div>\n\t<div class=\"open services-inside\">\n\t\t<div class=\"services-content-wrapper\">\n\t\t\t<div class=\"row\">\n\t\t\t\t\n<strong>20h00<\/strong> \u2013 Reuni\u00e3o de Ora\u00e7\u00e3o da UMP<br \/>\n\t\t\t<\/div>\n\t\t<\/div>\n\t<\/div>\n<\/div>\n\n<\/div><\/div>\n<div class=\"push\" style='height:50px'><\/div>\n","protected":false},"excerpt":{"rendered":"","protected":false},"author":1,"featured_media":0,"parent":0,"menu_order":0,"comment_status":"closed","ping_status":"closed","template":"","meta":{"footnotes":""},"class_list":["post-24800","page","type-page","status-publish","hentry"],"_links":{"self":[{"href":"https:\/\/ipbdamata.org.br\/site\/wp-json\/wp\/v2\/pages\/24800","targetHints":{"allow":["GET"]}}],"collection":[{"href":"https:\/\/ipbdamata.org.br\/site\/wp-json\/wp\/v2\/pages"}],"about":[{"href":"https:\/\/ipbdamata.org.br\/site\/wp-json\/wp\/v2\/types\/page"}],"author":[{"embeddable":true,"href":"https:\/\/ipbdamata.org.br\/site\/wp-json\/wp\/v2\/users\/1"}],"replies":[{"embeddable":true,"href":"https:\/\/ipbdamata.org.br\/site\/wp-json\/wp\/v2\/comments?post=24800"}],"version-history":[{"count":10,"href":"https:\/\/ipbdamata.org.br\/site\/wp-json\/wp\/v2\/pages\/24800\/revisions"}],"predecessor-version":[{"id":24811,"href":"https:\/\/ipbdamata.org.br\/site\/wp-json\/wp\/v2\/pages\/24800\/revisions\/24811"}],"wp:attachment":[{"href":"https:\/\/ipbdamata.org.br\/site\/wp-json\/wp\/v2\/media?parent=24800"}],"curies":[{"name":"wp","href":"https:\/\/api.w.org\/{rel}","templated":true}]}}