{"id":24869,"date":"2016-06-22T15:28:34","date_gmt":"2016-06-22T15:28:34","guid":{"rendered":"http:\/\/www.ipbdamata.org.br\/site\/?page_id=24869"},"modified":"2016-08-24T20:29:16","modified_gmt":"2016-08-24T23:29:16","slug":"associacao-shalon","status":"publish","type":"page","link":"https:\/\/ipbdamata.org.br\/site\/associacao-shalon\/","title":{"rendered":"Associa\u00e7\u00e3o Shalon"},"content":{"rendered":"<div class=\"row \"><div class=\"wpv-grid grid-1-1  wpv-first-level first unextended\" style=\"padding-top:0px;padding-bottom:0px\" id=\"wpv-column-3af44d35697b231f46074b605affa15f\" ><h2 style=\"text-align: justify;\">Hist\u00f3rico da Institui\u00e7\u00e3o<\/h2>\n<p style=\"text-align: justify;\">A Associa\u00e7\u00e3o de Viv\u00eancia Shalon foi fundada em 13 de dezembro de 1997, no bairro Central Carapina (Serra \u2013 ES), pelo Sr. Gelson Portela, morador do bairro na \u00e9poca. O nome Shalon significa \u201cpaz\u201d na l\u00edngua hebraica.<br \/>\nEsse projeto vem se qualificando diariamente para trabalhar de acordo com as diretrizes da Pol\u00edtica Nacional de Assist\u00eancia Social e oferecer o melhor atendimento ao p\u00fablico.<\/p>\n<h3 style=\"text-align: justify;\">Miss\u00e3o<\/h3>\n<p style=\"text-align: justify;\">Tem como miss\u00e3o promover a inser\u00e7\u00e3o social da crian\u00e7a e adolescente em situa\u00e7\u00e3o de vulnerabilidade, por meio de trabalho em rede, fortalecimento familiar, educa\u00e7\u00e3o extracurricular e orienta\u00e7\u00e3o para a vida.<\/p>\n<h3 style=\"text-align: justify;\">Vis\u00e3o<\/h3>\n<p style=\"text-align: justify;\">Ser uma institui\u00e7\u00e3o de transforma\u00e7\u00e3o social no bairro Central Carapina, contribuindo para a redu\u00e7\u00e3o da pobreza e diminui\u00e7\u00e3o da viol\u00eancia.<\/p>\n<h3 style=\"text-align: justify;\">Objetivos<\/h3>\n<p style=\"text-align: justify;\">Construir espa\u00e7o de conviv\u00eancia, forma\u00e7\u00e3o para a cidadania, desenvolvimento de protagonismo e da autonomia das crian\u00e7as e adolescentes, a partir dos interesses, demandas e potencialidades.<\/p>\n<h3 style=\"text-align: justify;\">A IPB &#8211; Mata da Praia no Shalon<\/h3>\n<p style=\"text-align: justify;\">A Igreja Presbiteriana de Mata da Praia \u00e9 uma das institui\u00e7\u00f5es que apoiam este projeto, oferecendo suporte espiritual atrav\u00e9s de atividades que visam desenvolver valores e princ\u00edpios com base na Palavra de Deus. Participa de a\u00e7\u00f5es como Escola B\u00edblica Dominical, refor\u00e7o escolar, visita domiciliar e suporte pedag\u00f3gico. Em 2015, realizou o projeto PEES (Programa de Evangeliza\u00e7\u00e3o do Esp\u00edrito Santo), oferecendo \u00e0 comunidade assist\u00eancia \u00e0 sa\u00fade, com participa\u00e7\u00f5es de profissionais de sa\u00fade (m\u00e9dicos em diversas especialidades, enfermeiros, psic\u00f3logos, dentre outros), teatro, conta\u00e7\u00e3o de hist\u00f3rias, oficina de arte, oficina de beleza e bem estar, baratilho (bazar com renda revertida para o projeto), visita\u00e7\u00e3o domiciliar a algumas fam\u00edlias de crian\u00e7as e jovens assistidos.<\/div><\/div>\n<div class=\"row \"><div class=\"wpv-grid grid-1-1  wpv-first-level first unextended\" style=\"padding-top:0px;padding-bottom:0px\" id=\"wpv-column-154da22d775c5024da7e7ae652a65dea\" ><p>\n\t\t<style type=\"text\/css\">\n\t\t\t#gallery-1 {\n\t\t\t\tmargin: auto;\n\t\t\t}\n\t\t\t#gallery-1 .gallery-item {\n\t\t\t\tfloat: left;\n\t\t\t\tmargin-top: 10px;\n\t\t\t\ttext-align: center;\n\t\t\t\twidth: 25%;\n\t\t\t}\n\t\t\t#gallery-1 img {\n\t\t\t\tborder: 2px solid #cfcfcf;\n\t\t\t}\n\t\t\t#gallery-1 .gallery-caption {\n\t\t\t\tmargin-left: 0;\n\t\t\t}\n\t\t\t\/* see gallery_shortcode() in wp-includes\/media.php *\/\n\t\t<\/style>\n\t\t<div id='gallery-1' class='gallery galleryid-24869 gallery-columns-4 gallery-size-full'><dl class='gallery-item'>\n\t\t\t<dt class='gallery-icon landscape'>\n\t\t\t\t<img loading=\"lazy\" decoding=\"async\" width=\"381\" height=\"299\" src=\"https:\/\/ipbdamata.org.br\/site\/wp-content\/uploads\/2016\/06\/1.png\" class=\"attachment-full size-full\" alt=\"\" srcset=\"https:\/\/ipbdamata.org.br\/site\/wp-content\/uploads\/2016\/06\/1.png 381w, https:\/\/ipbdamata.org.br\/site\/wp-content\/uploads\/2016\/06\/1-300x235.png 300w, https:\/\/ipbdamata.org.br\/site\/wp-content\/uploads\/2016\/06\/1-360x283.png 360w, https:\/\/ipbdamata.org.br\/site\/wp-content\/uploads\/2016\/06\/1-262x206.png 262w\" sizes=\"auto, (max-width: 381px) 100vw, 381px\" \/>\n\t\t\t<\/dt><\/dl><dl class='gallery-item'>\n\t\t\t<dt class='gallery-icon landscape'>\n\t\t\t\t<img loading=\"lazy\" decoding=\"async\" width=\"381\" height=\"299\" src=\"https:\/\/ipbdamata.org.br\/site\/wp-content\/uploads\/2016\/06\/2.png\" class=\"attachment-full size-full\" alt=\"\" srcset=\"https:\/\/ipbdamata.org.br\/site\/wp-content\/uploads\/2016\/06\/2.png 381w, https:\/\/ipbdamata.org.br\/site\/wp-content\/uploads\/2016\/06\/2-300x235.png 300w, https:\/\/ipbdamata.org.br\/site\/wp-content\/uploads\/2016\/06\/2-360x283.png 360w, https:\/\/ipbdamata.org.br\/site\/wp-content\/uploads\/2016\/06\/2-262x206.png 262w\" sizes=\"auto, (max-width: 381px) 100vw, 381px\" \/>\n\t\t\t<\/dt><\/dl><dl class='gallery-item'>\n\t\t\t<dt class='gallery-icon landscape'>\n\t\t\t\t<img loading=\"lazy\" decoding=\"async\" width=\"381\" height=\"299\" src=\"https:\/\/ipbdamata.org.br\/site\/wp-content\/uploads\/2016\/06\/3.png\" class=\"attachment-full size-full\" alt=\"\" srcset=\"https:\/\/ipbdamata.org.br\/site\/wp-content\/uploads\/2016\/06\/3.png 381w, https:\/\/ipbdamata.org.br\/site\/wp-content\/uploads\/2016\/06\/3-300x235.png 300w, https:\/\/ipbdamata.org.br\/site\/wp-content\/uploads\/2016\/06\/3-360x283.png 360w, https:\/\/ipbdamata.org.br\/site\/wp-content\/uploads\/2016\/06\/3-262x206.png 262w\" sizes=\"auto, (max-width: 381px) 100vw, 381px\" \/>\n\t\t\t<\/dt><\/dl><dl class='gallery-item'>\n\t\t\t<dt class='gallery-icon landscape'>\n\t\t\t\t<img loading=\"lazy\" decoding=\"async\" width=\"381\" height=\"299\" src=\"https:\/\/ipbdamata.org.br\/site\/wp-content\/uploads\/2016\/06\/4.png\" class=\"attachment-full size-full\" alt=\"\" srcset=\"https:\/\/ipbdamata.org.br\/site\/wp-content\/uploads\/2016\/06\/4.png 381w, https:\/\/ipbdamata.org.br\/site\/wp-content\/uploads\/2016\/06\/4-300x235.png 300w, https:\/\/ipbdamata.org.br\/site\/wp-content\/uploads\/2016\/06\/4-360x283.png 360w, https:\/\/ipbdamata.org.br\/site\/wp-content\/uploads\/2016\/06\/4-262x206.png 262w\" sizes=\"auto, (max-width: 381px) 100vw, 381px\" \/>\n\t\t\t<\/dt><\/dl><br style=\"clear: both\" \/><dl class='gallery-item'>\n\t\t\t<dt class='gallery-icon landscape'>\n\t\t\t\t<img loading=\"lazy\" decoding=\"async\" width=\"381\" height=\"299\" src=\"https:\/\/ipbdamata.org.br\/site\/wp-content\/uploads\/2016\/06\/5.png\" class=\"attachment-full size-full\" alt=\"\" srcset=\"https:\/\/ipbdamata.org.br\/site\/wp-content\/uploads\/2016\/06\/5.png 381w, https:\/\/ipbdamata.org.br\/site\/wp-content\/uploads\/2016\/06\/5-300x235.png 300w, https:\/\/ipbdamata.org.br\/site\/wp-content\/uploads\/2016\/06\/5-360x283.png 360w, https:\/\/ipbdamata.org.br\/site\/wp-content\/uploads\/2016\/06\/5-262x206.png 262w\" sizes=\"auto, (max-width: 381px) 100vw, 381px\" \/>\n\t\t\t<\/dt><\/dl><dl class='gallery-item'>\n\t\t\t<dt class='gallery-icon landscape'>\n\t\t\t\t<img loading=\"lazy\" decoding=\"async\" width=\"381\" height=\"299\" src=\"https:\/\/ipbdamata.org.br\/site\/wp-content\/uploads\/2016\/06\/6.png\" class=\"attachment-full size-full\" alt=\"\" srcset=\"https:\/\/ipbdamata.org.br\/site\/wp-content\/uploads\/2016\/06\/6.png 381w, https:\/\/ipbdamata.org.br\/site\/wp-content\/uploads\/2016\/06\/6-300x235.png 300w, https:\/\/ipbdamata.org.br\/site\/wp-content\/uploads\/2016\/06\/6-360x283.png 360w, https:\/\/ipbdamata.org.br\/site\/wp-content\/uploads\/2016\/06\/6-262x206.png 262w\" sizes=\"auto, (max-width: 381px) 100vw, 381px\" \/>\n\t\t\t<\/dt><\/dl><dl class='gallery-item'>\n\t\t\t<dt class='gallery-icon landscape'>\n\t\t\t\t<img loading=\"lazy\" decoding=\"async\" width=\"381\" height=\"299\" src=\"https:\/\/ipbdamata.org.br\/site\/wp-content\/uploads\/2016\/06\/7.png\" class=\"attachment-full size-full\" alt=\"\" srcset=\"https:\/\/ipbdamata.org.br\/site\/wp-content\/uploads\/2016\/06\/7.png 381w, https:\/\/ipbdamata.org.br\/site\/wp-content\/uploads\/2016\/06\/7-300x235.png 300w, https:\/\/ipbdamata.org.br\/site\/wp-content\/uploads\/2016\/06\/7-360x283.png 360w, https:\/\/ipbdamata.org.br\/site\/wp-content\/uploads\/2016\/06\/7-262x206.png 262w\" sizes=\"auto, (max-width: 381px) 100vw, 381px\" \/>\n\t\t\t<\/dt><\/dl><dl class='gallery-item'>\n\t\t\t<dt class='gallery-icon landscape'>\n\t\t\t\t<img loading=\"lazy\" decoding=\"async\" width=\"381\" height=\"299\" src=\"https:\/\/ipbdamata.org.br\/site\/wp-content\/uploads\/2016\/06\/8.png\" class=\"attachment-full size-full\" alt=\"\" srcset=\"https:\/\/ipbdamata.org.br\/site\/wp-content\/uploads\/2016\/06\/8.png 381w, https:\/\/ipbdamata.org.br\/site\/wp-content\/uploads\/2016\/06\/8-300x235.png 300w, https:\/\/ipbdamata.org.br\/site\/wp-content\/uploads\/2016\/06\/8-360x283.png 360w, https:\/\/ipbdamata.org.br\/site\/wp-content\/uploads\/2016\/06\/8-262x206.png 262w\" sizes=\"auto, (max-width: 381px) 100vw, 381px\" \/>\n\t\t\t<\/dt><\/dl><br style=\"clear: both\" \/><dl class='gallery-item'>\n\t\t\t<dt class='gallery-icon landscape'>\n\t\t\t\t<img loading=\"lazy\" decoding=\"async\" width=\"381\" height=\"299\" src=\"https:\/\/ipbdamata.org.br\/site\/wp-content\/uploads\/2016\/06\/9.png\" class=\"attachment-full size-full\" alt=\"\" srcset=\"https:\/\/ipbdamata.org.br\/site\/wp-content\/uploads\/2016\/06\/9.png 381w, https:\/\/ipbdamata.org.br\/site\/wp-content\/uploads\/2016\/06\/9-300x235.png 300w, https:\/\/ipbdamata.org.br\/site\/wp-content\/uploads\/2016\/06\/9-360x283.png 360w, https:\/\/ipbdamata.org.br\/site\/wp-content\/uploads\/2016\/06\/9-262x206.png 262w\" sizes=\"auto, (max-width: 381px) 100vw, 381px\" \/>\n\t\t\t<\/dt><\/dl><dl class='gallery-item'>\n\t\t\t<dt class='gallery-icon landscape'>\n\t\t\t\t<img loading=\"lazy\" decoding=\"async\" width=\"381\" height=\"299\" src=\"https:\/\/ipbdamata.org.br\/site\/wp-content\/uploads\/2016\/06\/10.png\" class=\"attachment-full size-full\" alt=\"\" srcset=\"https:\/\/ipbdamata.org.br\/site\/wp-content\/uploads\/2016\/06\/10.png 381w, https:\/\/ipbdamata.org.br\/site\/wp-content\/uploads\/2016\/06\/10-300x235.png 300w, https:\/\/ipbdamata.org.br\/site\/wp-content\/uploads\/2016\/06\/10-360x283.png 360w, https:\/\/ipbdamata.org.br\/site\/wp-content\/uploads\/2016\/06\/10-262x206.png 262w\" sizes=\"auto, (max-width: 381px) 100vw, 381px\" \/>\n\t\t\t<\/dt><\/dl><dl class='gallery-item'>\n\t\t\t<dt class='gallery-icon landscape'>\n\t\t\t\t<img loading=\"lazy\" decoding=\"async\" width=\"381\" height=\"299\" src=\"https:\/\/ipbdamata.org.br\/site\/wp-content\/uploads\/2016\/06\/11.png\" class=\"attachment-full size-full\" alt=\"\" srcset=\"https:\/\/ipbdamata.org.br\/site\/wp-content\/uploads\/2016\/06\/11.png 381w, https:\/\/ipbdamata.org.br\/site\/wp-content\/uploads\/2016\/06\/11-300x235.png 300w, https:\/\/ipbdamata.org.br\/site\/wp-content\/uploads\/2016\/06\/11-360x283.png 360w, https:\/\/ipbdamata.org.br\/site\/wp-content\/uploads\/2016\/06\/11-262x206.png 262w\" sizes=\"auto, (max-width: 381px) 100vw, 381px\" \/>\n\t\t\t<\/dt><\/dl><dl class='gallery-item'>\n\t\t\t<dt class='gallery-icon landscape'>\n\t\t\t\t<img loading=\"lazy\" decoding=\"async\" width=\"381\" height=\"299\" src=\"https:\/\/ipbdamata.org.br\/site\/wp-content\/uploads\/2016\/06\/12.png\" class=\"attachment-full size-full\" alt=\"\" srcset=\"https:\/\/ipbdamata.org.br\/site\/wp-content\/uploads\/2016\/06\/12.png 381w, https:\/\/ipbdamata.org.br\/site\/wp-content\/uploads\/2016\/06\/12-300x235.png 300w, https:\/\/ipbdamata.org.br\/site\/wp-content\/uploads\/2016\/06\/12-360x283.png 360w, https:\/\/ipbdamata.org.br\/site\/wp-content\/uploads\/2016\/06\/12-262x206.png 262w\" sizes=\"auto, (max-width: 381px) 100vw, 381px\" \/>\n\t\t\t<\/dt><\/dl><br style=\"clear: both\" \/>\n\t\t<\/div>\n<\/div><\/div>\n<div class=\"row \"><div class=\"wpv-grid grid-1-1  wpv-first-level first unextended\" style=\"padding-top:0px;padding-bottom:0px\" id=\"wpv-column-45e785e364abdc952aba96d0c601a899\" ><h2 style=\"text-align: justify;\">Como Ajudar?<\/h2>\n<h3 style=\"text-align: justify;\">1- Orando<\/h3>\n<h3 style=\"text-align: justify;\">2- Sendo um volunt\u00e1rio<\/h3>\n<p style=\"text-align: justify;\">A Associa\u00e7\u00e3o de Viv\u00eancia Shalon conta com volunt\u00e1rios das mais de diversas \u00e1reas.<br \/>\nVoc\u00ea pode usar seu tempo, conhecimento e talento ou especialidades profissionais que possui e ser volunt\u00e1rio.<\/p>\n<p style=\"text-align: justify;\"><strong>Rquisitos para voluntariado:<\/strong><br \/>\n\u2013 Ter acima de 18 anos<br \/>\n\u2013 Tempo e disponibilidade para atuar na institui\u00e7\u00e3o<br \/>\n\u2013 Saber trabalhar em equipe<br \/>\n\u2013 Esp\u00edrito de solidariedade<\/p>\n<p style=\"text-align: justify;\">Volunt\u00e1rios que precisamos:<br \/>\nEducadores sociais, professores, cozinheiros, auxiliar de servi\u00e7os gerais, contadores de hist\u00f3ria, profissionais da sa\u00fade (Psic\u00f3logo, Assistente Social, Dentista, M\u00e9dico).<\/p>\n<p style=\"text-align: justify;\">3- Contribuindo financeiramente<br \/>\nDoa\u00e7\u00f5es em dinheiro ou materiais e produtos para a institui\u00e7\u00e3o, tais como alimentos, produtos de limpeza, brinquedos, livros, material escolar, produtos para reforma, produtos para bazar.<\/p>\n<p style=\"text-align: justify;\"><strong>Bradesco S.A.<\/strong><br \/>\n<strong>Ag\u00eancia: 1573<\/strong><br \/>\n<strong>Conta-Corrente: 33702-1<\/strong><\/p>\n<h3 style=\"text-align: justify;\">Outras Informa\u00e7\u00f5es<\/h3>\n<p style=\"text-align: justify;\">Para mais informa\u00e7\u00f5es, voc\u00ea pode entrar em contato com o Pb. Marcos Rezende e Hirannette.<\/p>\n<p style=\"text-align: justify;\"><strong>Contatos:<\/strong><br \/>\n(27) 3328-4388 | (27) 99881-9373<br \/>\nEmail: vivenciasahalon@hotmail.com<\/p>\n<p style=\"text-align: justify;\"><strong>Endere\u00e7o:<\/strong><br \/>\nAv. Vit\u00f3ria, N\u00ba21 \u2013 Central Carapina \u2013 Serra, ES<br \/>\nCEP: 29161-536<\/div><\/div>\n","protected":false},"excerpt":{"rendered":"<p>Hist\u00f3rico da Institui\u00e7\u00e3o A Associa\u00e7\u00e3o de Viv\u00eancia Shalon foi fundada em 13 de dezembro de 1997, no bairro Central Carapina (Serra \u2013 ES), pelo Sr. Gelson Portela, morador do bairro&#8230;<\/p>\n","protected":false},"author":1,"featured_media":0,"parent":0,"menu_order":0,"comment_status":"closed","ping_status":"closed","template":"","meta":{"footnotes":""},"class_list":["post-24869","page","type-page","status-publish","hentry"],"_links":{"self":[{"href":"https:\/\/ipbdamata.org.br\/site\/wp-json\/wp\/v2\/pages\/24869","targetHints":{"allow":["GET"]}}],"collection":[{"href":"https:\/\/ipbdamata.org.br\/site\/wp-json\/wp\/v2\/pages"}],"about":[{"href":"https:\/\/ipbdamata.org.br\/site\/wp-json\/wp\/v2\/types\/page"}],"author":[{"embeddable":true,"href":"https:\/\/ipbdamata.org.br\/site\/wp-json\/wp\/v2\/users\/1"}],"replies":[{"embeddable":true,"href":"https:\/\/ipbdamata.org.br\/site\/wp-json\/wp\/v2\/comments?post=24869"}],"version-history":[{"count":4,"href":"https:\/\/ipbdamata.org.br\/site\/wp-json\/wp\/v2\/pages\/24869\/revisions"}],"predecessor-version":[{"id":26007,"href":"https:\/\/ipbdamata.org.br\/site\/wp-json\/wp\/v2\/pages\/24869\/revisions\/26007"}],"wp:attachment":[{"href":"https:\/\/ipbdamata.org.br\/site\/wp-json\/wp\/v2\/media?parent=24869"}],"curies":[{"name":"wp","href":"https:\/\/api.w.org\/{rel}","templated":true}]}}